{"id":125,"date":"2011-11-30T18:04:44","date_gmt":"2011-11-30T18:04:44","guid":{"rendered":"http:\/\/ateljeorsta.se\/?page_id=125"},"modified":"2023-11-07T13:58:25","modified_gmt":"2023-11-07T13:58:25","slug":"om-carin-hedlund-2","status":"publish","type":"page","link":"https:\/\/ateljeorsta.se\/?page_id=125","title":{"rendered":"om Carin"},"content":{"rendered":"<p>Jag heter Carin Hedlund (f\u00f6dd Gradin)&nbsp;och v\u00e4xte upp i Kramfors med den vackra omgivning som H\u00f6ga Kusten erbjuder, kring knutarna.&nbsp;Flyttade till Ume\u00e5 efter gymnasiet f\u00f6r studier och bor sedan 1977 med min familj i T\u00e4fte\u00e5, en gammal fiskarby vid havet strax norr Ume\u00e5.<\/p>\n<p><a href=\"http:\/\/media.ateljeorsta.se\/2011\/11\/September-2011-0531.jpg\"><img decoding=\"async\" loading=\"lazy\" class=\"aligncenter size-thumbnail wp-image-140\" title=\"Carin Hedlund\" src=\"http:\/\/media.ateljeorsta.se\/2011\/11\/September-2011-0531-150x150.jpg\" alt=\"\" width=\"150\" height=\"150\"><\/a>Sedan sommaren 2005 har vi ett fritidshus i byn Orsta, Nordingr\u00e5, mitt i det vackra och kuperade H\u00f6ga Kusten, med n\u00e4rhet till hav och sj\u00f6.&nbsp; &nbsp; &nbsp; &nbsp; &nbsp; &nbsp; &nbsp; &nbsp; &nbsp; &nbsp; &nbsp; &nbsp; &nbsp; &nbsp; &nbsp; &nbsp; &nbsp; &nbsp; &nbsp; &nbsp; &nbsp; &nbsp; &nbsp; &nbsp; &nbsp; &nbsp; &nbsp; &nbsp; &nbsp; Sommaren<strong> 2006<\/strong> invigde jag mitt galleri, <strong>Atelj\u00e9 Orsta<\/strong>, i ett litet stall p\u00e5 tomten, d\u00e4rav namnet STALLET. Sedan dess har jag haft sommar\u00f6ppet med egna utst\u00e4llningar. Under \u00e5ren som g\u00e5tt, har m\u00e5nga konstn\u00e4rer fr\u00e5n hela Sverige s\u00f6kt sig till Atelj\u00e9 Orsta, och fr\u00e5n 2010 har fler konstn\u00e4rer st\u00e4llt ut under sommaren. Atelj\u00e9 Orsta har allt eftersom ut\u00f6kats med fler utst\u00e4llningslokaler och fr\u00e5n 2021 finns det fyra utst\u00e4llningslokaler, STALLET, VEBON, LOFTET och KAMMARN. N\u00e5got som blivit mycket popul\u00e4rt bland sommarg\u00e4ster, boende och turister i H\u00f6ga Kusten. Antalet bes\u00f6kare och konstn\u00e4rer har \u00f6kat i antal hela tiden.<\/p>\n<p>Jag har m\u00e5lat akvarell till och fr\u00e5n under hela min uppv\u00e4xt. Min inspiration fick jag tidigt av v\u00e5r granne Nils Gunnar Johansson, i vars hem jag ofta vistades och som \u00e4ven var min bildl\u00e4rare senare. &nbsp;\u00c4r autodidakt och har g\u00e5tt n\u00e5gra akvarellkurser f\u00f6r Maria Ginzburg, Lars A Persson, Bj\u00f6rn Bernstr\u00f6m, Aud Rye, Anna Toresdotter och Marie Andersson.<\/p>\n<p>Mitt akvarellm\u00e5lande har alltid funnits med mig, till och fr\u00e5n under hela mitt liv, och har de senaste \u00e5ren blivit betydligt viktigare f\u00f6r mig. Mina motiv och min inspiration h\u00e4mtar jag fr\u00e5n naturen och fr\u00e5n det vackra och enkla som finns i v\u00e5r vardag och i livet, runt omkring mig. M\u00e5nga av landskapsmotiven \u00e4r fr\u00e5n H\u00f6ga Kustens vackra landskap, vid det alltid fascinerande och rogivande havet och de h\u00f6ga bergen.&nbsp; \u00c4ven m\u00e5nga nostalgiska stadsmotiv fr\u00e5n ett Kramfors, d\u00e4r jag v\u00e4xte upp och som jag minns i mitt hj\u00e4rtan. Motiven finns samlade i mina fotob\u00f6cker, glasunderl\u00e4gg och vykort.<\/p>\n<p><strong>Kontakt<\/strong>: ateljeorsta@gmail.com &nbsp; mobil: 070-3904093.<\/p>\n<p>V\u00e4lkommen att bes\u00f6ka mig: Sommartid finns jag i Atelj\u00e9 Orsta, Orsta 132, 873 98 Nordingr\u00e5. \u00d6vrig tid i mitt hem p\u00e5 T\u00e4fteb\u00f6lev\u00e4gen 17, 907 88 T\u00e4fte\u00e5 (ring f\u00f6re)&nbsp;<\/p>\n<p><em>\u00c4r medlem i Svenska Konstn\u00e4rsf\u00f6rbundet region Mitt och i Atelj\u00e9 53 Ume\u00e5.&nbsp; &nbsp; &nbsp; &nbsp; &nbsp; &nbsp; &nbsp; &nbsp; &nbsp; &nbsp; &nbsp; &nbsp; &nbsp; &nbsp; Sitter i Nordingr\u00e5 Konstrundas styrelse.<\/em><\/p>\n<p><strong>Separata utst\u00e4llningar<\/strong><\/p>\n<ul>\n<li>Atelj\u00e9 Orsta, H\u00f6ga Kusten 2006 \u2013 2023<\/li>\n<li>Smultronst\u00e4llet, Ume\u00e5, 2022<\/li>\n<li>T\u00e4fte\u00e5 Byakyrka, T\u00e4fte\u00e5 2011 &#8211; 2013, 2021<\/li>\n<li>Nordingr\u00e5 Konstrunda, Atelj\u00e9 Orsta, 2008 \u2013 2023<\/li>\n<li>Brobergs Coffee Shop Ume\u00e5. dec. 2018- jan 2019<\/li>\n<li>Cedar, Ume\u00e5 universitet 2016<\/li>\n<li>L\u00e4nsmansg\u00e5rden Lugnvik, nov. 2015 &#8211; jan. 2016<\/li>\n<li>Ersboda bibliotek, Ume\u00e5 2014<\/li>\n<li>B\u00f6nhamns julmarknad, 2014<\/li>\n<li style=\"text-align: justify;\">Leila Accelerator, Ume\u00e5 2012<\/li>\n<li>Skorpinjon Showroom, Ume\u00e5 2010<\/li>\n<li>Paletten Konst &amp; Ram, Ume\u00e5 2009<\/li>\n<li>S\u00e4var Bibliotek, S\u00e4var 2002, 2003, 2009<\/li>\n<li>Konst i Logen, T\u00e4fte\u00e5 2003, <span style=\"font-size: small;\">&nbsp;<\/span>2004, 2007<\/li>\n<li>S\u00e4var Konstf\u00f6renings v\u00e5rsalong, S\u00e4var 2004<\/li>\n<li>Demografiska databasen, Ume\u00e5 universitet 2003<\/li>\n<li>T\u00e4ftedagen, T\u00e4fte\u00e5 1992 \u2013 2002<\/li>\n<li>F\u00f6reningsbanken, S\u00e4var 1998<\/li>\n<li>T\u00e4fte\u00e5 skola 1998<\/li>\n<li>Hagaskolan konstf\u00f6rening, Ume\u00e5 1997<\/li>\n<li>Herrg\u00e5rden i Skeppsvik 1996, 1997<\/li>\n<\/ul>\n<p>&nbsp;<\/p>\n<p><strong>Grupputst\u00e4llningar<\/strong><\/p>\n<ul>\n<li>Svenska Konstn\u00e4rsf\u00f6rbundets digitala utst\u00e4llning, 2023,<em> jurybed\u00f6md<\/em><\/li>\n<li>Bokcaf\u00e9 Pilgatan, Sommarsalong, Ume\u00e5, 2023,<em> jurybed\u00f6md<\/em><\/li>\n<li>Galleri Granen, Sundsvall, 2023<\/li>\n<li>Atelj\u00e9 53 H\u00f6stsalong, Utopia, Ume\u00e5, 2023<\/li>\n<li>Atelj\u00e9 53 V\u00e5rsalong,Utopia, Ume\u00e5, 2023<\/li>\n<li>Atelj\u00e9 53 H\u00f6stsalong, MVG, Ume\u00e5, 2022<\/li>\n<li>Atelj\u00e9 53 V\u00e5rsalong,Utopia, Ume\u00e5, 2022<\/li>\n<li>Ume\u00e5 Konstrunda, T\u00e4fte\u00e5 Fristad, 2022, 2023<\/li>\n<li>Atelj\u00e9 53 Jubileumsutst\u00e4llning, MVG, Ume\u00e5 2021<\/li>\n<li>Millennium Art Gallery, \u00c5s\u00e4ng&nbsp; Konstens vecka 2020, 2021<\/li>\n<li>Millennium Art Gallery, \u00c5s\u00e4ng&nbsp; 2020, 2021<\/li>\n<li>Galleri Socker, Ume\u00e5&nbsp; 2020, <em>jurybed\u00f6md<\/em><\/li>\n<li>Artnetco, Memories, Mannaminne, Nordingr\u00e5, 2017<\/li>\n<li>Artnetco, Different but Together in Budapest 2016<\/li>\n<li>Eljest, Pop up shop, 2013- 2015<\/li>\n<li>Mannaminne, Nordingr\u00e5, 2014<\/li>\n<li>H\u00f6ga kusten Kajak, H\u00e4rn\u00f6sand,&nbsp;2014<\/li>\n<li>Nordan\u00e5hallen, Skellefte\u00e5, 2014<\/li>\n<li>Arte konstf\u00f6rening, Ume\u00e5 universitet, 2013<\/li>\n<li>Kramfors Konsthall, Umegruppen, dec. 2012 \u2013 jan.2013<\/li>\n<li>Konst i det Fria, Vita Huset, S\u00e4var, 2012<\/li>\n<li>Glashuset, R\u00e5dhustorget, Ume\u00e5 2012<\/li>\n<li>Paletten Konst &amp; Ram, Umegruppen, 2010 &#8211; 2012<\/li>\n<li>Konstatelj\u00e9n, Vita Huset, S\u00e4var 2011<\/li>\n<li>J\u00e4rnsta Kulturf\u00f6renings julmarknad, Nordingr\u00e5 2010<\/li>\n<li>Konst i Kvarn, Vindeln 2003, 2004<\/li>\n<li>Konst i R\u00e5dhusall\u00e9n, Ume\u00e5 1998, 1999<\/li>\n<li>LO:s utst\u00e4llning, Folkets Hus, Ume\u00e5 1996, 1997<\/li>\n<li>S\u00e4var konstf\u00f6rening, S\u00e4var 1996, 1997<\/li>\n<li>Musik-caf\u00e9 EFS, T\u00e4fte\u00e5 1996<\/li>\n<li>Konstens vecka, Folkets Hus, Ersboda 1993 \u2013 1995<\/li>\n<li>Konst i det Fria, S\u00e4var konstf\u00f6rening 1991 \u2013 1995<\/li>\n<li>T\u00e4ftehallen, T\u00e4fte\u00e5 1994<\/li>\n<li>Aula Nordica, Ume\u00e5 universitet 1993, 2010<\/li>\n<\/ul>\n<p>&nbsp;<\/p>\n\n\n<p><strong>Uppdrag<\/strong><\/p>\n\n\n\n<ul>\n<li>KFUM, Ume\u00e5, 2 Akvareller med KFUM motiv<\/li>\n\n\n\n<li>Mittel, Ume\u00e5, Julkort<\/li>\n\n\n\n<li>Nationsk\u00f6ren, Ume\u00e5, Affisch till julkonsert &nbsp;<\/li>\n\n\n\n<li>L\u00e4nsstyrelsen V\u00e4sternorrland,Glasunderl\u00e4gg<\/li>\n\n\n\n<li>Deltagit i arrangerande av sommarutst\u00e4llning \u201d Konst i det fria\u201d i S\u00e4var 1991 &#8211; 1995<\/li>\n<\/ul>\n","protected":false},"excerpt":{"rendered":"<p>Jag heter Carin Hedlund (f\u00f6dd Gradin)&nbsp;och v\u00e4xte upp i Kramfors med den vackra omgivning som H\u00f6ga Kusten erbjuder, kring knutarna.&nbsp;Flyttade till Ume\u00e5 efter gymnasiet f\u00f6r studier och bor sedan 1977 med min familj i T\u00e4fte\u00e5, en gammal fiskarby vid havet &hellip; <a href=\"https:\/\/ateljeorsta.se\/?page_id=125\">L\u00e4s mer <span class=\"meta-nav\">&rarr;<\/span><\/a><\/p>\n","protected":false},"author":1,"featured_media":0,"parent":0,"menu_order":0,"comment_status":"closed","ping_status":"open","template":"","meta":{"ngg_post_thumbnail":0},"_links":{"self":[{"href":"https:\/\/ateljeorsta.se\/index.php?rest_route=\/wp\/v2\/pages\/125"}],"collection":[{"href":"https:\/\/ateljeorsta.se\/index.php?rest_route=\/wp\/v2\/pages"}],"about":[{"href":"https:\/\/ateljeorsta.se\/index.php?rest_route=\/wp\/v2\/types\/page"}],"author":[{"embeddable":true,"href":"https:\/\/ateljeorsta.se\/index.php?rest_route=\/wp\/v2\/users\/1"}],"replies":[{"embeddable":true,"href":"https:\/\/ateljeorsta.se\/index.php?rest_route=%2Fwp%2Fv2%2Fcomments&post=125"}],"version-history":[{"count":66,"href":"https:\/\/ateljeorsta.se\/index.php?rest_route=\/wp\/v2\/pages\/125\/revisions"}],"predecessor-version":[{"id":4196,"href":"https:\/\/ateljeorsta.se\/index.php?rest_route=\/wp\/v2\/pages\/125\/revisions\/4196"}],"wp:attachment":[{"href":"https:\/\/ateljeorsta.se\/index.php?rest_route=%2Fwp%2Fv2%2Fmedia&parent=125"}],"curies":[{"name":"wp","href":"https:\/\/api.w.org\/{rel}","templated":true}]}}