{"id":166,"date":"2011-12-03T07:14:30","date_gmt":"2011-12-03T07:14:30","guid":{"rendered":"http:\/\/ateljeorsta.se\/?page_id=166"},"modified":"2021-08-25T15:53:14","modified_gmt":"2021-08-25T15:53:14","slug":"kontakt","status":"publish","type":"page","link":"https:\/\/ateljeorsta.se\/?page_id=166","title":{"rendered":"Kontakt"},"content":{"rendered":"<p>Vill du veta mer om n\u00e5gon av mina akvareller, k\u00f6pa en inramad tavla, akvarellbok eller glasunderl\u00e4gg med Nordingr\u00e5 eller Kramfors motiv, bes\u00f6k mig f\u00f6r att titta p\u00e5 tavlorna eller hyra min atelj\u00e9, Atelj\u00e9 Orsta, under en sommarvecka, h\u00f6r av dig till mig.<\/p>\n<p>e-post: <a href=\"mailto:ateljeorsta@gmail.com\">ateljeorsta@gmail.com<\/a><\/p>\n<p>mobil: 070-3904093<\/p>\n<p>adress Atelj\u00e9 Orsta: Orsta 132, 873 98 Nordingr\u00e5&nbsp; &nbsp; &nbsp; (\u00f6ppet under sommaren dagligen kl. 12.00 &#8211; 17.00)<\/p>\n\n\n<p>bes\u00f6ksadress i T\u00e4fte\u00e5: T\u00e4fteb\u00f6lev\u00e4gen 17, 907 88 T\u00e4fte\u00e5 (ring f\u00f6re och avtala tid)<\/p>\n","protected":false},"excerpt":{"rendered":"<p>Vill du veta mer om n\u00e5gon av mina akvareller, k\u00f6pa en inramad tavla, akvarellbok eller glasunderl\u00e4gg med Nordingr\u00e5 eller Kramfors motiv, bes\u00f6k mig f\u00f6r att titta p\u00e5 tavlorna eller hyra min atelj\u00e9, Atelj\u00e9 Orsta, under en sommarvecka, h\u00f6r av dig &hellip; <a href=\"https:\/\/ateljeorsta.se\/?page_id=166\">L\u00e4s mer <span class=\"meta-nav\">&rarr;<\/span><\/a><\/p>\n","protected":false},"author":1,"featured_media":0,"parent":0,"menu_order":0,"comment_status":"closed","ping_status":"open","template":"","meta":{"ngg_post_thumbnail":0},"_links":{"self":[{"href":"https:\/\/ateljeorsta.se\/index.php?rest_route=\/wp\/v2\/pages\/166"}],"collection":[{"href":"https:\/\/ateljeorsta.se\/index.php?rest_route=\/wp\/v2\/pages"}],"about":[{"href":"https:\/\/ateljeorsta.se\/index.php?rest_route=\/wp\/v2\/types\/page"}],"author":[{"embeddable":true,"href":"https:\/\/ateljeorsta.se\/index.php?rest_route=\/wp\/v2\/users\/1"}],"replies":[{"embeddable":true,"href":"https:\/\/ateljeorsta.se\/index.php?rest_route=%2Fwp%2Fv2%2Fcomments&post=166"}],"version-history":[{"count":7,"href":"https:\/\/ateljeorsta.se\/index.php?rest_route=\/wp\/v2\/pages\/166\/revisions"}],"predecessor-version":[{"id":3457,"href":"https:\/\/ateljeorsta.se\/index.php?rest_route=\/wp\/v2\/pages\/166\/revisions\/3457"}],"wp:attachment":[{"href":"https:\/\/ateljeorsta.se\/index.php?rest_route=%2Fwp%2Fv2%2Fmedia&parent=166"}],"curies":[{"name":"wp","href":"https:\/\/api.w.org\/{rel}","templated":true}]}}