{"id":22,"date":"2011-11-20T22:48:02","date_gmt":"2011-11-20T22:48:02","guid":{"rendered":"http:\/\/ateljeorsta.se\/?page_id=22"},"modified":"2026-03-24T09:01:21","modified_gmt":"2026-03-24T09:01:21","slug":"orsta","status":"publish","type":"page","link":"https:\/\/ateljeorsta.se\/","title":{"rendered":"V\u00e4lkommen till Atelj\u00e9 Orsta  och Carin Hedlund"},"content":{"rendered":"\n<p>Bes\u00f6kare \u00e4r v\u00e4lkomna att utforska en m\u00e5ngfald av konstverk fr\u00e5n b\u00e5de etablerade och nya konstn\u00e4rer. Varje vecka erbjuder n\u00e5got unikt, med f\u00e4rska perspektiv och kreativa uttryck. I den natursk\u00f6na omgivningen av Nordingr\u00e5, erbjuder Atelj\u00e9 Orsta en inspirerande milj\u00f6 f\u00f6r konstentusiaster och nyfikna sj\u00e4lar att f\u00f6rdjupa sig i konstens v\u00e4rld. Ta en paus fr\u00e5n vardagen, njut av konsten och kanske uppt\u00e4ck ett nytt favoritverk. Vi ser fram emot en sp\u00e4nnande sommar med konstn\u00e4rer med olika uttryck och material  V\u00c4LKOMMEN!<\/p>\n\n\n\n<p><strong>Sommarens utst\u00e4llningar 2026.<\/strong><\/p>\n\n\n\n<p>&#8211; <a href=\"https:\/\/www.facebook.com\/nordingrakonstrunda.se?__cft__[0]=AZbZOkIxmro4Y6dmZYcWsUJhAloORW7sCeM4pVA-L7h4s_es1_O-BfsAIE5WjOfQO4UVSaZypbl3EGzCEJEv5C2PcfMIk6lDpIz_T9nBe7OJXNvONAkLBiifoqfSs_UySnE&amp;__tn__=-]K-R\">Nordingr\u00e5 Konstrunda Pingst<\/a>, 22 &#8211; 24 maj. Utst\u00e4llare: <strong>Birgitta Nordin<\/strong>. Tavlor i akvarell, akryl, grafik. Sjalar. Kuddar. <strong>Maria Tj\u00e4rnstr\u00f6m.<\/strong> Tavlor i akvarell, blandteknik. Keramik. <strong>Emma Tainio<\/strong>.Tavlor i akryl. Keramik. Smide. <strong>Carin Hedlund<\/strong>. Tavlor i akvarell. Gladunderl\u00e4gg.<\/p>\n\n\n\n<p>&#8211; <strong>Sommarveckorna<\/strong>, <strong> <em>l\u00f6rdag 4 juli &#8211; fredag 7 augusti<\/em>.<\/strong> Vernissage varje l\u00f6rdag med nya utst\u00e4llare. \u00d6ppet veckans alla dagar mellan 12.00 &#8211; 17.00. Konstn\u00e4rer med olika teknik, motiv och material .<\/p>\n\n\n\n<p>Utst\u00e4llare: <strong>Rola Hamza, Eva Ros\u00e9n-Tiger, Laila Koukkari, Lena Wallin, Anders Dahlin, Petra Lundstr\u00f6m, Jeanette Gunnarsson, Kristina W\u00e5lsten, Lena Frykholm, Maggan Lindblom, Birgitta \u00c5str\u00f6m, Sari Larsson, Thage Nordholm, Carin Hedlund<\/strong><\/p>\n\n\n\n<p><strong><em>Se hela sommarens program under <a href=\"https:\/\/ateljeorsta.se\/?page_id=108\" data-type=\"URL\" data-id=\"https:\/\/ateljeorsta.se\/?page_id=108\">AKTUELLT<\/a><\/em><\/strong><\/p>\n\n\n\n<p><\/p>\n\n\n\n<p class=\"has-text-align-center\"><strong><em>Sommarveckorna<\/em> 2025 p\u00e5gick under 6 veckor, 28 juni &#8211; 8 augusti.<\/strong> <\/p>\n\n\n\n<figure class=\"wp-block-table\"><table><tbody><tr><td>Sommaren har g\u00e5tt s\u00e5 fort och det k\u00e4nns lite vemodigt att st\u00e4nga d\u00f6rrarna till Stallet, Vebon, Kammarn och Loftet. Sommarens alla utst\u00e4llningsveckorna \u00e4r redan \u00f6ver. Vilken sommar vi har haft, med otroligt heta dagar, 32.8 grader som mest, men \u00e4ven n\u00e5gra regniga, kalla och bl\u00e5siga dagar i b\u00f6rjan p\u00e5 sommaren.<br>S\u00e5 m\u00e5nga trevliga stundar vi har haft tillsammans med alla duktiga och kreativa utst\u00e4llare (18 st) och med alla trevliga och intresserade (1758) bes\u00f6kare. M\u00e5nga sp\u00e4nnande och intressanta diskussioner om konst, om livet, om sorg och gl\u00e4dje\u00e4mnen. Nya v\u00e4nskapsband har knutits och m\u00e5nga konstverk har flyttat hem till sina nya hem. Vi hoppas att ni kommer att trivas med varandra. <br>Under dom sex sommarveckorna har det s\u00e5lts 74 tavlor, 170 konstf\u00f6rem\u00e5l och 469 ! vykort. Kul att s\u00e5 m\u00e5nga vykort s\u00e5lts och hoppas att de dyker upp ov\u00e4ntat i brevl\u00e5dorna. <\/td><td><\/td><\/tr><\/tbody><\/table><\/figure>\n\n\n\n<p><strong><em>Nordingr\u00e5 Konstrunda, <\/em><\/strong>genomf\u00f6rdes Pingsthelgen, 6 &#8211; 8 juni. Fem konstn\u00e4rer st\u00e4llde ut i Atelj\u00e9 Orsta 2025 och det var m\u00e5nga glada och intresserade bes\u00f6kare, 425 st, under dagarna. Flera konstverk bytte \u00e4gare under dagarna. Utst\u00e4llare var <strong><a href=\"https:\/\/www.facebook.com\/mariasgalleri\">Maria Tj\u00e4rnstr\u00f6m<\/a><\/strong>, Kungsg\u00e5rden. Tavlor i akvarell, blandteknik.Brickor. Keramik. Handm\u00e5lade kort. <strong><a href=\"http:\/\/www.birgittanordinart.com\/\">Birgitta Nordin<\/a><\/strong>,&nbsp;H\u00e4rn\u00f6sand.&nbsp;Tavlor i akvarell, akryl, grafik. Sjalar. Kuddar. <strong><a href=\"https:\/\/www.instagram.com\/emmtai\">Emma Tainio<\/a><\/strong>. Bollstabruk. Tavlor i akryl. Smycken. Smide, Keramik. <strong>Lena Wallin<\/strong>, Kramfors. Tavlor i akvarell, tusch, f\u00e4rgpennor <strong><a href=\"http:\/\/carin%20hedlund\/\">Carin Hedlund<\/a><\/strong>, T\u00e4fte\u00e5. Tavlor i akvarell. Brickor. Glasunderl\u00e4gg&nbsp;<\/p>\n\n\n\n<p><\/p>\n\n\n\n<p><strong>L\u00e4s mer p\u00e5 :<a href=\"https:\/\/ateljeorsta.se\/?page_id=118\" data-type=\"URL\" data-id=\"https:\/\/ateljeorsta.se\/?page_id=118\"> <\/a><a href=\"https:\/\/www.facebook.com\/AteljeOrsta\/\">https:\/\/www.facebook.com\/AteljeOrsta\/<\/a><\/strong><\/p>\n\n\n\n<p><\/p>\n\n\n\n<h2><\/h2>\n\n\n\n<p>&#8212;&#8212;&#8212;&#8212;&#8212;&#8212;&#8212;&#8212;&#8212;&#8212;&#8212;&#8212;&#8212;&#8212;&#8212;&#8212;&#8212;&#8212;&#8212;&#8212;&#8212;&#8212;&#8212;&#8212;&#8212;&#8212;&#8212;&#8212;&#8212;&#8212;&#8212;&#8212;&#8212;&#8212;&#8212;&#8212;&#8212;&#8212;&#8212;&#8212;&#8212;<\/p>\n\n\n\n<p><\/p>\n\n\n<p><span style=\"color: inherit; font-size: 0.8em; font-weight: 600;\"><span style=\"font-size: inherit;\"><a style=\"pointer-events: none;\" href=\"http:\/\/media.ateljeorsta.se\/2011\/11\/Atelje-2-3-1.jpg\"><img decoding=\"async\" loading=\"lazy\" class=\"alignleft size-thumbnail wp-image-2394\" src=\"http:\/\/media.ateljeorsta.se\/2011\/11\/Atelje-2-3-1-150x150.jpg\" alt=\"\" width=\"150\" height=\"150\"><\/a>&nbsp; &nbsp; &nbsp; &nbsp; &nbsp; &nbsp;<\/span><\/span><\/p>\n<div class=\"\" data-block=\"true\" data-editor=\"abn1m\" data-offset-key=\"8vthi-0-0\">\n<div data-offset-key=\"8vthi-0-0\"><span style=\"font-size: inherit;\">Atelj\u00e9 Orsta, det lilla galleriet med fyra utst\u00e4llningslokaler, mitt i vackra H\u00f6ga Kusten, Nordingr\u00e5. Med ing\u00e5ngar p\u00e5 nedre sidan, mot \u00e4ngen, finns STALLET och VEBON.&nbsp; En gemensam trappa, p\u00e5 framsidan av Atelj\u00e9 Orsta , mot v\u00e4gen,&nbsp; leder upp till b\u00e5de LOFTET och KAMMARN. Mer information om de olika utst\u00e4llningslokalerna och bilder hittar du p\u00e5 &#8217;<\/span><em style=\"font-size: inherit;\"><strong><a style=\"pointer-events: none;\" href=\"http:\/\/ateljeorsta.se\/?page_id=118\">om Atelj\u00e9 Orsta<\/a>&#8217;<\/strong><\/em><span style=\"font-size: inherit;\">.&nbsp; &nbsp;<span style=\"color: #3366ff;\"><span style=\"color: #000000;\">Atelj\u00e9 Orsta finns p\u00e5: TripAdvisor!&nbsp;&nbsp;<\/span><\/span><\/span><\/div>\n<\/div>\n<p><a style=\"pointer-events: none;\" href=\"http:\/\/media.ateljeorsta.se\/2011\/11\/48396392_10156325090357670_7117701428784660480_n.jpg\"><img decoding=\"async\" loading=\"lazy\" class=\"alignleft size-thumbnail wp-image-2466\" src=\"http:\/\/media.ateljeorsta.se\/2011\/11\/48396392_10156325090357670_7117701428784660480_n-150x150.jpg\" alt=\"\" width=\"150\" height=\"150\"><\/a><\/p>\n<div>\n<div data-offset-key=\"8vthi-0-0\"><span style=\"color: inherit; font-size: 0.8em; font-weight: 600;\">&nbsp; &nbsp; &nbsp; &nbsp; <a style=\"pointer-events: none;\" href=\"http:\/\/media.ateljeorsta.se\/2011\/11\/Skylt-2016.jpg\"><img decoding=\"async\" loading=\"lazy\" class=\"alignleft size-thumbnail wp-image-2391\" src=\"http:\/\/media.ateljeorsta.se\/2011\/11\/Skylt-2016-150x150.jpg\" alt=\"\" width=\"150\" height=\"150\"><\/a><\/span><\/div>\n<div data-offset-key=\"8vthi-0-0\">&nbsp;<\/div>\n<\/div>\n<p>&nbsp;<\/p>\n<div>\n<div data-offset-key=\"8vthi-0-0\">&nbsp;<\/div>\n<div data-offset-key=\"8vthi-0-0\">&nbsp;<\/div>\n<div data-offset-key=\"8vthi-0-0\">&nbsp;<\/div>\n<div data-offset-key=\"8vthi-0-0\">&nbsp;<\/div>\n<div data-offset-key=\"8vthi-0-0\">&nbsp;<\/div>\n<div data-offset-key=\"8vthi-0-0\"><span style=\"color: #000000;\">Kontakt: <a style=\"pointer-events: none;\" href=\"mailto:ateljeorsta@gmail.com\">ateljeorsta@gmail.com<\/a><\/span><span style=\"font-size: inherit;\">&nbsp; mobil: 070 &#8211; 3904093&nbsp; &nbsp;<\/span><\/div>\n<div data-offset-key=\"8vthi-0-0\"><span style=\"font-size: inherit;\"><a href=\"http:\/\/www.facebook.com\/AteljeOrsta\">www.facebook.com\/AteljeOrsta<\/a>&nbsp;<\/span><\/div>\n<div data-offset-key=\"8vthi-0-0\">Under <a href=\"https:\/\/ateljeorsta.se\/?page_id=3793\">Mina akvareller<\/a>&nbsp; och p\u00e5&nbsp; <a href=\"https:\/\/www.konst.se\/carin-hedlund\">&nbsp;https:\/\/www.konst.se\/carin-hedlund<\/a> hittar du min konst<\/div>\n<\/div>\n<p>Adress: Atelj\u00e9 Orsta, Orsta 132, 873 98 Nordingr\u00e5<\/p>\n<h5><strong><em>V\u00e4lkomna!<\/em><\/strong><\/h5>\n\n\n<p><\/p>\n\n\n\n<ul>\n<li><\/li>\n<\/ul>\n\n\n\n<div class=\"is-nowrap is-layout-flex wp-container-1 wp-block-group\"><\/div>\n\n\n","protected":false},"excerpt":{"rendered":"<p>Bes\u00f6kare \u00e4r v\u00e4lkomna att utforska en m\u00e5ngfald av konstverk fr\u00e5n b\u00e5de etablerade och nya konstn\u00e4rer. Varje vecka erbjuder n\u00e5got unikt, med f\u00e4rska perspektiv och kreativa uttryck. I den natursk\u00f6na omgivningen av Nordingr\u00e5, erbjuder Atelj\u00e9 Orsta en inspirerande milj\u00f6 f\u00f6r konstentusiaster &hellip; <a href=\"https:\/\/ateljeorsta.se\/\">L\u00e4s mer <span class=\"meta-nav\">&rarr;<\/span><\/a><\/p>\n","protected":false},"author":1,"featured_media":2492,"parent":0,"menu_order":0,"comment_status":"closed","ping_status":"open","template":"sidebar-page.php","meta":{"ngg_post_thumbnail":0},"_links":{"self":[{"href":"https:\/\/ateljeorsta.se\/index.php?rest_route=\/wp\/v2\/pages\/22"}],"collection":[{"href":"https:\/\/ateljeorsta.se\/index.php?rest_route=\/wp\/v2\/pages"}],"about":[{"href":"https:\/\/ateljeorsta.se\/index.php?rest_route=\/wp\/v2\/types\/page"}],"author":[{"embeddable":true,"href":"https:\/\/ateljeorsta.se\/index.php?rest_route=\/wp\/v2\/users\/1"}],"replies":[{"embeddable":true,"href":"https:\/\/ateljeorsta.se\/index.php?rest_route=%2Fwp%2Fv2%2Fcomments&post=22"}],"version-history":[{"count":1490,"href":"https:\/\/ateljeorsta.se\/index.php?rest_route=\/wp\/v2\/pages\/22\/revisions"}],"predecessor-version":[{"id":4639,"href":"https:\/\/ateljeorsta.se\/index.php?rest_route=\/wp\/v2\/pages\/22\/revisions\/4639"}],"wp:featuredmedia":[{"embeddable":true,"href":"https:\/\/ateljeorsta.se\/index.php?rest_route=\/wp\/v2\/media\/2492"}],"wp:attachment":[{"href":"https:\/\/ateljeorsta.se\/index.php?rest_route=%2Fwp%2Fv2%2Fmedia&parent=22"}],"curies":[{"name":"wp","href":"https:\/\/api.w.org\/{rel}","templated":true}]}}